{"id":170,"date":"2022-01-25T11:50:50","date_gmt":"2022-01-25T10:50:50","guid":{"rendered":"https:\/\/agridefaveri.com\/?page_id=170"},"modified":"2022-03-01T01:27:10","modified_gmt":"2022-03-01T00:27:10","slug":"termini-e-condizioni","status":"publish","type":"page","link":"https:\/\/agridefaveri.com\/it\/termini-e-condizioni\/","title":{"rendered":"Termini e Condizioni"},"content":{"rendered":"<p>[vc_row][vc_column][vc_empty_space][\/vc_column][\/vc_row][vc_row][vc_column][vc_column_text]<\/p>\r\n\r\n<p>Condizioni Generali di Vendita<\/p>\r\n<p>[\/vc_column_text][vc_text_separator title=&#8221;Art.1 Disposizioni Generali&#8221; title_align=&#8221;separator_align_left&#8221;][vc_column_text]<\/p>\r\n<p>L&#8217;utente navigando in quest&#8217;area accede allo shop online dell\u2019azienda <strong>De Faveri Pietro<\/strong>, di seguito denominato <strong>agridefaveri.com<\/strong>, accessibile mediante l&#8217;URL: https:\/\/agridefaveri.com. La navigazione e la trasmissione di un ordine di acquisto sul sito comportano l&#8217;accettazione delle Condizioni e delle Politiche di Protezione dei Dati adottate dal sito stesso ivi indicate.<\/p>\r\n<p>Le presenti Condizioni Generali di Vendita si applicano alla vendita di prodotti con esclusivo riferimento alle disposizioni della Parte III, Titolo III, Capo I, Codice del Consumo (D.Lgs. n. 206\/05 modificato dal D.Lgs. n. 21\/14 e D.lgs. n. 70\/03) da parte di<\/p>\r\n<p>De Faveri Pietro<br \/>Via Lino Perrone 19<br \/>15048 Valenza Fraz. Monte<br \/>Partita IVA 02392850067<\/p>\r\n<p>L&#8217;utente \u00e8 tenuto, prima di accedere ai prodotti forniti dal sito, a leggere le presenti Condizioni Generali di Vendita che si intendono generalmente ed inequivocabilmente accettate al momento dell&#8217;acquisto.<\/p>\r\n<p>Si invita l&#8217;utente a scaricare e stampare una copia del modulo d&#8217;acquisto e delle presenti Condizioni Generali di Vendita i cui termini <strong>agridefaveri.com<\/strong> si riserva di modificare unilateralmente e senza alcun preavviso.<\/p>\r\n<p>\u00c8 possibile utilizzare il sito e quindi accedere a prodotti forniti dallo stesso ed all\u2019acquisto di questi nelle seguenti lingue:<br \/><em>Italiano<\/em><\/p>\r\n<p>[\/vc_column_text][vc_text_separator title=&#8221;Art.2 Oggetto&#8221; title_align=&#8221;separator_align_left&#8221;][vc_column_text]<\/p>\r\n<p>Le presenti Condizioni Generali di Vendita disciplinano l&#8217;offerta, l&#8217;inoltro e l&#8217;accettazione di ordini d&#8217;acquisto di prodotti su\u00a0agridefaveri.com e non disciplinano, invece, la fornitura di servizi o la vendita di prodotti da parte di soggetti diversi dal venditore che siano presenti sul medesimo sito tramite link, banner o altri collegamenti ipertestuali.<br \/>Prima di inoltrare ordini ed acquistare prodotti e servizi da soggetti diversi, suggeriamo di verificare le loro condizioni di vendita.<\/p>\r\n<p>[\/vc_column_text][vc_text_separator title=&#8221;Art.3 Conclusione del contratto&#8221; title_align=&#8221;separator_align_left&#8221;][vc_column_text]<\/p>\r\n<p>Per concludere il contratto di acquisto, sar\u00e0 necessario completare la procedura di acquisto online e trasmetterlo seguendo le relative istruzioni.<br \/>In esso sono contenuti il rinvio alle Condizioni Generali di Vendita, le immagini di ciascun prodotto ed il relativo prezzo, i mezzi di pagamento che \u00e8 possibile utilizzare, le modalit\u00e0 di consegna dei prodotti acquistati e i relativi costi di spedizione e consegna, un rimando alle condizioni per l&#8217;esercizio del diritto di recesso, modalit\u00e0 e tempi di restituzione dei prodotti acquistati. Prima di concludere il contratto, sar\u00e0 chiesto di confermare l\u2019avvenuta lettura delle Condizioni Generali di Vendita comprensive dell\u2019Informativa sul diritto di recesso e del trattamento dei dati personali.<br \/>Il contratto \u00e8 concluso quando il venditore riceve il formulario compilato dall&#8217;utente, previa verifica della correttezza dei dati ivi contenuti.<br \/>L&#8217;acquirente sar\u00e0 obbligato al pagamento del prezzo dal momento in cui la procedura di inoltro dell&#8217;ordine online sar\u00e0 conclusa. Ci\u00f2 avverr\u00e0 cliccando sull&#8217;apposito tasto di acquisto alla fine della procedura guidata.<br \/>Concluso il contratto, il venditore prende in carico l&#8217;ordine per la sua evasione.<\/p>\r\n<p>[\/vc_column_text][vc_text_separator title=&#8221;Art.4 Disponibilit\u00e0 dei prodotti&#8221; title_align=&#8221;separator_align_left&#8221;][vc_column_text]<\/p>\r\n<p>La disponibilit\u00e0 dei prodotti si riferisce alla disponibilit\u00e0 effettiva nel momento in cui l&#8217;acquirente effettua l&#8217;ordine. Tale disponibilit\u00e0 deve comunque essere considerata puramente indicativa perch\u00e9, per effetto della contemporanea presenza sul sito di pi\u00f9 utenti, i prodotti potrebbero essere venduti ad altri clienti prima della conferma dell&#8217;ordine.<br \/>Anche in seguito all&#8217;invio dell&#8217;email di conferma dell&#8217;ordine potrebbero verificarsi casi di indisponibilit\u00e0 parziale o totale della merce. In questa eventualit\u00e0 l&#8217;ordine verr\u00e0 rettificato automaticamente con l&#8217;eliminazione del prodotto non disponibile e l&#8217;acquirente verr\u00e0 immediatamente informato via email.<br \/>Se l&#8217;acquirente richiede l&#8217;annullamento dell&#8217;ordine, risolvendo il contratto, agridefaveri.com rimborser\u00e0 l&#8217;importo pagando entro 30 giorni a partire dal momento in cui agridefaveri.com ha avuto conoscenza della decisione dell&#8217;acquirente di risolvere il contratto.<\/p>\r\n<p>[\/vc_column_text][vc_text_separator title=&#8221;Art.5 Prodotti offerti&#8221; title_align=&#8221;separator_align_left&#8221;][vc_column_text]<\/p>\r\n<ol>\r\n<li>agridefaveri.com commercializza: Prodotti alimentari<\/li>\r\n<li>L&#8217;offerta \u00e8 dettagliata nel nostro sito al link:\u00a0https:\/\/agridefaveri.com<\/li>\r\n<\/ol>\r\n<p>[\/vc_column_text][vc_text_separator title=&#8221;Art.6 Modalit\u00e0 di pagamento e prezzi&#8221; title_align=&#8221;separator_align_left&#8221;][vc_column_text]<\/p>\r\n<p>Il prezzo dei prodotti sar\u00e0 quello indicato di volta in volta sul sito, salvo laddove sussista un errore palese. In caso di errore, agridefaveri.com avviser\u00e0 prima possibile l&#8217;acquirente consentendo la conferma dell&#8217;ordine al giusto importo ovvero l&#8217;annullamento. Non sussister\u00e0 ad ogni modo per agridefaveri.com l&#8217;obbligo di fornire quanto venduto al prezzo inferiore erroneamente indicato.<br \/>I prezzi del sito sono comprensivi di IVA e non includono le spese di spedizione. I prezzi possono subire variazioni in qualsiasi momento. I cambiamenti non riguardano gli ordini per i quali sia stata gi\u00e0 inviata conferma dell&#8217;ordine.<br \/>Una volta selezionati i prodotti desiderati, essi saranno aggiunti al carrello. Sar\u00e0 sufficiente seguire le istruzioni richieste in ogni passaggio del processo. I dettagli dell&#8217;ordine potranno essere modificati prima del pagamento.<br \/>Il pagamento pu\u00f2 essere effettuato tramite: bonifico bancario e le maggiori carte di credito. Le carte di credito accettate saranno le seguenti:<br \/><em>Visa<\/em><br \/><em>Mastercard<\/em><br \/><em>American Express<br \/><\/em>oltre alle piattaforme Google Pay e Apple Pay<\/p>\r\n<p>[\/vc_column_text][vc_text_separator title=&#8221;Art.7 Consegna&#8221; title_align=&#8221;separator_align_left&#8221;][vc_column_text]<\/p>\r\n<p>agridefaveri.com effettua spedizioni in tutto il territorio italiano.<br \/>agridefaveri.com effettuer\u00e0 solamente consegne presso il domicilio dell&#8217;utente, fornito al momento dell&#8217;acquisto.<br \/>La consegna viene effettuata generalmente entro 7\u00a0giorni o, qualora non fosse specificata alcuna data di consegna, entro il termine stimato al momento della selezione della modalit\u00e0 di consegna.<br \/>Qualora non fosse possibile effettuare la consegna, l&#8217;ordine verr\u00e0 inviato al deposito. In tale evenienza, un avviso preciser\u00e0 luogo in cui si trova l&#8217;ordine e le modalit\u00e0 con cui concordare una nuova consegna.<br \/>Qualora non fosse in grado di essere presente nel luogo di consegna all&#8217;orario concordato, Le chiediamo di contattarci nuovamente per concordare una nuova data di consegna.<br \/>Qualora la consegna non possa avere luogo per cause a noi non imputabili dopo trenta giorni dalla data in cui l&#8217;ordine \u00e8 disponibile per la consegna, assumeremo che si intende risolvere il contratto.<br \/>In conseguenza della risoluzione gli importi saranno restituiti, inclusi i costi di consegna con l&#8217;esclusione di eventuali costi addizionali derivanti dalla scelta di un metodo di consegna diverso dal metodo ordinario offerto senza ingiustificato ritardo e, in ogni caso entro 30 giorni dalla data di risoluzione del contratto. Il trasporto derivante dalla risoluzione del contratto potrebbe avere costi addizionali che saranno a carico dell&#8217;acquirente.<br \/>Le spese di spedizione sono a carico dell&#8217;acquirente e sono evidenziate esplicitamente al momento dell&#8217;effettuazione dell&#8217;ordine.<\/p>\r\n<p>[\/vc_column_text][vc_text_separator title=&#8221;Art.8 Passaggio del rischio&#8221; title_align=&#8221;separator_align_left&#8221;][vc_column_text]<\/p>\r\n<p>I rischi relativi ai prodotti passeranno a carico dell&#8217;acquirente a partire dal momento della consegna. La propriet\u00e0 dei prodotti si considera acquisita appena ricevuto il pagamento completo di tutti gli importi dovuti in relazione agli stessi, incluse le spese di spedizione, ovvero al momento della consegna, se questa avvenisse in un secondo momento.<\/p>\r\n<p>[\/vc_column_text][vc_text_separator title=&#8221;Art.9 Garanzia e conformit\u00e0 commerciale&#8221; title_align=&#8221;separator_align_left&#8221;][vc_column_text]<\/p>\r\n<p>Il venditore \u00e8 responsabile per qualsiasi difetto dei prodotti offerti sul sito, ivi inclusa la non conformit\u00e0 degli articoli ai prodotti ordinati, ai sensi di quanto disposto dalla normativa italiana.<br \/>Se l&#8217;acquirente ha stipulato il contratto in qualit\u00e0 di consumatore ovverosia qualsiasi persona fisica che agisca sul sito per scopi estranei all&#8217;attivit\u00e0 imprenditoriale o professionale eventualmente svolta, la presenza di garanzia \u00e8 valida a condizione che il difetto si manifesti entro 24 mesi dalla data di consegna dei prodotti; che l&#8217;acquirente presenti reclamo formale relativamente ai difetti entro un massimo di 2 mesi dalla data in cui il difetto \u00e8 stato da quest&#8217;ultimo riconosciuto; che venga compilato correttamente il modulo di reso online.<br \/>In caso di mancata conformit\u00e0, l&#8217;acquirente che ha stipulato il contratto in qualit\u00e0 di consumatore avr\u00e0 diritto ad ottenere il ripristino della conformit\u00e0 dei prodotti senza spese, mediante sostituzione, ovvero di ottenere un&#8217;appropriata riduzione di prezzo ovvero la risoluzione del contratto relativamente ai beni contestati e la conseguente restituzione del prezzo.<\/p>\r\n<p>[\/vc_column_text][vc_text_separator title=&#8221;Art.10 Recesso&#8221; title_align=&#8221;separator_align_left&#8221;][vc_column_text]<\/p>\r\n<p>Conformemente alle disposizioni legali in vigore, l&#8217;acquirente ha diritto di recedere dall&#8217;acquisto senza alcuna penalit\u00e0 e senza specificarne il motivo, entro il termine di 14 giorni ai sensi dell&#8217;art. 57 del D.lgs 206\/2005 decorrenti dalla data di ricezione dei prodotti. In caso di acquisti multipli effettuati dall&#8217;acquirente con un solo ordine e consegnati separatamente, il termine di 14 giorni decorre dalla data di ricezione dell&#8217;ultimo prodotto.<br \/>L&#8217;utente che intendesse esercitare il diritto di recesso dovr\u00e0 comunicarlo a agridefaveri.com tramite dichiarazione esplicita, che potr\u00e0 essere trasmessa a mezzo raccomandata A\/R all&#8217;indirizzo:<br \/>De Faveri Pietro<br \/>Via Lino Perrone 19<br \/>15048 Valenza Fraz. Monte AL<\/p>\r\n<p>La merce dovr\u00e0 essere rispedita a:<br \/>De Faveri Pietro<br \/>Via Lino Perrone 19<br \/>15048 Valenza Fraz. Monte AL<\/p>\r\n<p>La merce dovr\u00e0 essere restituita integra, nella confezione originale, completa in tutte le sue parti e completa della documentazione fiscale annessa. Fatta salva la facolt\u00e0 di verificare il rispetto di quanto sopra, il sito provveder\u00e0 a rimborsare l&#8217;importo dei prodotti oggetto di recesso entro un termine massimo di trenta giorni.<br \/>I costi per la restituzione dell\u2019articolo (es. spedizione e imballaggio) sono a carico dell&#8217;acquirente.<br \/>Il sito eseguir\u00e0 il rimborso utilizzando lo stesso mezzo di pagamento scelto dall&#8217;acquirente in fase di acquisto. Nel caso di pagamento effettuato con bonifico, e qualora l\u2019acquirente intenda esercitare il proprio diritto di recesso, dovr\u00e0 fornire le coordinate bancarie: IBAN, SWIFT e BIC necessari all\u2019effettuazione del rimborso.<\/p>\r\n<p>[\/vc_column_text][vc_text_separator title=&#8221;Art.11 Trattamento dei dati&#8221; title_align=&#8221;separator_align_left&#8221;][vc_column_text]<\/p>\r\n<p>I dati dell&#8217;acquirente sono trattati conformemente a quanto previsto dalla normativa in materia di protezione dei dati personali, come specificato nell&#8217;apposita sezione contenente l&#8217;informativa ai sensi dell&#8217;art.13 del Regolamento UE 2016\/679 (<a href=\"https:\/\/agridefaveri.com\/privacy-policy\/\">Privacy Policy<\/a>).<\/p>\r\n<p>[\/vc_column_text][vc_text_separator title=&#8221;Art.12 Clausola di salvaguardia&#8221; title_align=&#8221;separator_align_left&#8221;][vc_column_text]<\/p>\r\n<p>Nell\u2019ipotesi in cui una delle clausole delle presenti Condizioni Generali di Vendita fosse nulla per qualsivoglia motivo ci\u00f2 non comprometter\u00e0 in nessun caso la validit\u00e0 e il rispetto delle altre disposizioni figuranti nelle presenti Condizioni Generali di Vendita.<\/p>\r\n<p>[\/vc_column_text][vc_text_separator title=&#8221;Art.13 Contatti&#8221; title_align=&#8221;separator_align_left&#8221;][vc_column_text]<\/p>\r\n<p>Ogni richiesta di informazione potr\u00e0 essere inviata via mail al seguente indirizzo: <a href=\"mailto:azienda@agridefaveri.com\">azienda@agridefaveri.com<\/a><\/p>\r\n<p>[\/vc_column_text][vc_text_separator title=&#8221;Art.14 Legge applicabile e foro competente&#8221; title_align=&#8221;separator_align_left&#8221;][vc_column_text]<\/p>\r\n<p>Le presenti Condizioni Generali di Vendita sono disciplinate dal diritto italiano ed interpretata in base ad esso, fatta salva qualsiasi diversa norma imperativa prevalente del paese di residenza abituale dell&#8217;acquirente. Di conseguenza l&#8217;interpretazione, esecuzione e risoluzione delle Condizioni Generali di Vendita sono soggette esclusivamente alla legge italiana. Eventuali controversie inerenti e\/o conseguenti alle stesse dovranno essere risolte in via esclusiva dall&#8217;autorit\u00e0 giurisdizionale italiana. In particolare, qualora l&#8217;acquirente rivesta la qualifica di Consumatore, potrebbe beneficiare delle tutele aggiuntive previste dalle norme imperative del suo paese di residenza.<\/p>\r\n<p>Le presenti condizioni sono state redatte in data 21\/01\/2022<\/p>\r\n<p>[\/vc_column_text][\/vc_column][\/vc_row]<\/p>","protected":false},"excerpt":{"rendered":"[vc_row][vc_column][vc_empty_space][\/vc_column][\/vc_row][vc_row][vc_column][vc_column_text] Condizioni Generali di Vendita [\/vc_column_text][vc_text_separator title=&#8221;Art.1 Disposizioni Generali&#8221; title_align=&#8221;separator_align_left&#8221;][vc_column_text] L&#8217;utente navigando in quest&#8217;area accede allo shop online dell\u2019azienda De Faveri Pietro, di seguito denominato agridefaveri.com, accessibile mediante l&#8217;URL: https:\/\/agridefaveri.com. La navigazione e la trasmissione di un ordine di acquisto sul sito comportano l&#8217;accettazione delle Condizioni e delle Politiche di Protezione dei Dati adottate dal sito stesso ivi indicate. Le presenti Condizioni Generali di Vendita si applicano alla vendita di prodotti con esclusivo riferimento alle disposizioni della Parte III, Titolo III, Capo I, Codice del Consumo (D.Lgs. n. 206\/05 modificato dal D.Lgs. n. 21\/14 e D.lgs. n. 70\/03) da parte di De Faveri PietroVia Lino Perrone 1915048 Valenza Fraz. MontePartita IVA 02392850067 L&#8217;utente \u00e8 tenuto, prima di accedere ai prodotti forniti dal sito, a leggere le presenti Condizioni Generali di Vendita che si intendono generalmente ed inequivocabilmente accettate al momento dell&#8217;acquisto. Si invita l&#8217;utente a scaricare e stampare una copia del modulo d&#8217;acquisto e delle presenti Condizioni Generali di Vendita i cui termini agridefaveri.com si riserva di modificare unilateralmente e senza alcun preavviso. \u00c8 possibile utilizzare il sito e quindi accedere a prodotti forniti dallo stesso ed all\u2019acquisto di questi nelle seguenti lingue:Italiano [\/vc_column_text][vc_text_separator title=&#8221;Art.2 Oggetto&#8221; title_align=&#8221;separator_align_left&#8221;][vc_column_text] Le presenti Condizioni Generali di Vendita disciplinano l&#8217;offerta, l&#8217;inoltro e l&#8217;accettazione di ordini d&#8217;acquisto di prodotti su\u00a0agridefaveri.com e non disciplinano, invece, la fornitura di servizi o la vendita di prodotti da parte di soggetti diversi dal venditore che siano presenti sul medesimo sito tramite link, banner o altri collegamenti ipertestuali.Prima di inoltrare ordini ed acquistare prodotti e servizi da soggetti diversi, suggeriamo di verificare le loro condizioni di vendita. [\/vc_column_text][vc_text_separator title=&#8221;Art.3 Conclusione del contratto&#8221; title_align=&#8221;separator_align_left&#8221;][vc_column_text] Per concludere il contratto di acquisto, sar\u00e0 necessario completare la procedura di acquisto online e trasmetterlo seguendo le relative istruzioni.In esso sono contenuti il rinvio alle Condizioni Generali di Vendita, le immagini di ciascun prodotto ed il relativo prezzo, i mezzi di pagamento che \u00e8 possibile utilizzare, le modalit\u00e0 di consegna dei prodotti acquistati e i relativi costi di spedizione e consegna, un rimando alle condizioni per l&#8217;esercizio del diritto di recesso, modalit\u00e0 e tempi di restituzione dei prodotti acquistati. Prima di concludere il contratto, sar\u00e0 chiesto di confermare l\u2019avvenuta lettura delle Condizioni Generali di Vendita comprensive dell\u2019Informativa sul diritto di recesso e del trattamento dei dati personali.Il contratto \u00e8 concluso quando il venditore riceve il formulario compilato dall&#8217;utente, previa verifica della correttezza dei dati ivi contenuti.L&#8217;acquirente sar\u00e0 obbligato al pagamento del prezzo dal momento in cui la procedura di inoltro dell&#8217;ordine online sar\u00e0 conclusa. Ci\u00f2 avverr\u00e0 cliccando sull&#8217;apposito tasto di acquisto alla fine della procedura guidata.Concluso il contratto, il venditore prende in carico l&#8217;ordine per la sua evasione. [\/vc_column_text][vc_text_separator title=&#8221;Art.4 Disponibilit\u00e0 dei prodotti&#8221; title_align=&#8221;separator_align_left&#8221;][vc_column_text] La disponibilit\u00e0 dei prodotti si riferisce alla disponibilit\u00e0 effettiva nel momento in cui l&#8217;acquirente effettua l&#8217;ordine. Tale disponibilit\u00e0 deve comunque essere considerata puramente indicativa perch\u00e9, per effetto della contemporanea presenza sul sito di pi\u00f9 utenti, i prodotti potrebbero essere venduti ad altri clienti prima della conferma dell&#8217;ordine.Anche in seguito all&#8217;invio dell&#8217;email di conferma dell&#8217;ordine potrebbero verificarsi casi di indisponibilit\u00e0 parziale o totale della merce. In questa eventualit\u00e0 l&#8217;ordine verr\u00e0 rettificato automaticamente con l&#8217;eliminazione del prodotto non disponibile e l&#8217;acquirente verr\u00e0 immediatamente informato via email.Se l&#8217;acquirente richiede l&#8217;annullamento dell&#8217;ordine, risolvendo il contratto, agridefaveri.com rimborser\u00e0 l&#8217;importo pagando entro 30 giorni a partire dal momento in cui agridefaveri.com ha avuto conoscenza della decisione dell&#8217;acquirente di risolvere il contratto. [\/vc_column_text][vc_text_separator title=&#8221;Art.5 Prodotti offerti&#8221; title_align=&#8221;separator_align_left&#8221;][vc_column_text] agridefaveri.com commercializza: Prodotti alimentari L&#8217;offerta \u00e8 dettagliata nel nostro sito al link:\u00a0https:\/\/agridefaveri.com [\/vc_column_text][vc_text_separator title=&#8221;Art.6 Modalit\u00e0 di pagamento e prezzi&#8221; title_align=&#8221;separator_align_left&#8221;][vc_column_text] Il prezzo dei prodotti sar\u00e0 quello indicato di volta in volta sul sito, salvo laddove sussista un errore palese. In caso di errore, agridefaveri.com avviser\u00e0 prima possibile l&#8217;acquirente consentendo la conferma dell&#8217;ordine al giusto importo ovvero l&#8217;annullamento. Non sussister\u00e0 ad ogni modo per agridefaveri.com l&#8217;obbligo di fornire quanto venduto al prezzo inferiore erroneamente indicato.I prezzi del sito sono comprensivi di IVA e non includono le spese di spedizione. I prezzi possono subire variazioni in qualsiasi momento. I cambiamenti non riguardano gli ordini per i quali sia stata gi\u00e0 inviata conferma dell&#8217;ordine.Una volta selezionati i prodotti desiderati, essi saranno aggiunti al carrello. Sar\u00e0 sufficiente seguire le istruzioni richieste in ogni passaggio del processo. I dettagli dell&#8217;ordine potranno essere modificati prima del pagamento.Il pagamento pu\u00f2 essere effettuato tramite: bonifico bancario e le maggiori carte di credito. Le carte di credito accettate saranno le seguenti:VisaMastercardAmerican Expressoltre alle piattaforme Google Pay e Apple Pay [\/vc_column_text][vc_text_separator title=&#8221;Art.7 Consegna&#8221; title_align=&#8221;separator_align_left&#8221;][vc_column_text] agridefaveri.com effettua spedizioni in tutto il territorio italiano.agridefaveri.com effettuer\u00e0 solamente consegne presso il domicilio dell&#8217;utente, fornito al momento dell&#8217;acquisto.La consegna viene effettuata generalmente entro 7\u00a0giorni o, qualora non fosse specificata alcuna data di consegna, entro il termine stimato al momento della selezione della modalit\u00e0 di consegna.Qualora non fosse possibile effettuare la consegna, l&#8217;ordine verr\u00e0 inviato al deposito. In tale evenienza, un avviso preciser\u00e0 luogo in cui si trova l&#8217;ordine e le modalit\u00e0 con cui concordare una nuova consegna.Qualora non fosse in grado di essere presente nel luogo di consegna all&#8217;orario concordato, Le chiediamo di contattarci nuovamente per concordare una nuova data di consegna.Qualora la consegna non possa avere luogo per cause a noi non imputabili dopo trenta giorni dalla data in cui l&#8217;ordine \u00e8 disponibile per la consegna, assumeremo che si intende risolvere il contratto.In conseguenza della risoluzione gli importi saranno restituiti, inclusi i costi di consegna con l&#8217;esclusione di eventuali costi addizionali derivanti dalla scelta di un metodo di consegna diverso dal metodo ordinario offerto senza ingiustificato ritardo e, in ogni caso entro 30 giorni dalla data di risoluzione del contratto. Il trasporto derivante dalla risoluzione del contratto potrebbe avere costi addizionali che saranno a carico dell&#8217;acquirente.Le spese di spedizione sono a carico dell&#8217;acquirente e sono evidenziate esplicitamente al momento dell&#8217;effettuazione dell&#8217;ordine. [\/vc_column_text][vc_text_separator title=&#8221;Art.8 Passaggio del rischio&#8221; title_align=&#8221;separator_align_left&#8221;][vc_column_text] I rischi relativi ai prodotti passeranno a carico dell&#8217;acquirente a partire dal momento della consegna. La propriet\u00e0 dei prodotti si considera acquisita appena ricevuto il pagamento completo di tutti gli importi dovuti in relazione agli stessi, incluse le spese [&hellip;]","protected":false},"author":1,"featured_media":0,"parent":0,"menu_order":0,"comment_status":"closed","ping_status":"closed","template":"","meta":{"footnotes":""},"class_list":["post-170","page","type-page","status-publish","hentry"],"_links":{"self":[{"href":"https:\/\/agridefaveri.com\/it\/wp-json\/wp\/v2\/pages\/170","targetHints":{"allow":["GET"]}}],"collection":[{"href":"https:\/\/agridefaveri.com\/it\/wp-json\/wp\/v2\/pages"}],"about":[{"href":"https:\/\/agridefaveri.com\/it\/wp-json\/wp\/v2\/types\/page"}],"author":[{"embeddable":true,"href":"https:\/\/agridefaveri.com\/it\/wp-json\/wp\/v2\/users\/1"}],"replies":[{"embeddable":true,"href":"https:\/\/agridefaveri.com\/it\/wp-json\/wp\/v2\/comments?post=170"}],"version-history":[{"count":1,"href":"https:\/\/agridefaveri.com\/it\/wp-json\/wp\/v2\/pages\/170\/revisions"}],"predecessor-version":[{"id":171,"href":"https:\/\/agridefaveri.com\/it\/wp-json\/wp\/v2\/pages\/170\/revisions\/171"}],"wp:attachment":[{"href":"https:\/\/agridefaveri.com\/it\/wp-json\/wp\/v2\/media?parent=170"}],"curies":[{"name":"wp","href":"https:\/\/api.w.org\/{rel}","templated":true}]}}