{"id":10,"date":"2021-12-12T14:34:33","date_gmt":"2021-12-12T13:34:33","guid":{"rendered":"https:\/\/agridefaveri.com\/?page_id=10"},"modified":"2022-03-01T01:16:02","modified_gmt":"2022-03-01T00:16:02","slug":"azienda","status":"publish","type":"page","link":"https:\/\/agridefaveri.com\/it\/azienda\/","title":{"rendered":"Azienda"},"content":{"rendered":"<p>[vc_row][vc_column width=&#8221;1\/6&#8243;][\/vc_column][vc_column width=&#8221;2\/3&#8243;][vc_empty_space height=&#8221;64px&#8221;][vc_column_text]L\u2019azienda agricola De Faveri Pietro nasce nel 1993 nella piccola frazione di Monte quando Pietro, spinto dall\u2019amore per l\u2019agricoltura, inizia ad avvicinarsi al settore corilicolo, acquistando il suo primo terreno coltivato a nocciole proprio dietro casa.<br \/>Negli anni successivi e con l\u2019aiuto di sua moglie Rosaria, Pietro decide di immergersi totalmente nel mondo della nocciola, ampliando la coltivazione della <strong>Tonda Gentile del Piemonte <\/strong>e tramandando la passione ai figli Marco e Roberta.<br \/>Da qui, unendo tradizione e innovazione, nascono i prodotti <strong>DE FAVERI PIETRO<\/strong>.<\/p>\r\n<p>[\/vc_column_text][vc_single_image image=&#8221;93&#8243; img_size=&#8221;full&#8221;][vc_column_text]La <strong>Nocciola Tonda Gentile del Piemonte<\/strong> \u00e8 considerata la migliore variet\u00e0 di nocciola al mondo.<\/p>\r\n<p>\u00c8 riconosciuta, infatti, per le ottime caratteristiche organolettiche e per il suo basso contenuto di grassi, grazie al quale il processo di irrancidimento risulta essere molto lento, permettendo cos\u00ec un\u2019ottima conservazione.<\/p>\r\n<p>Il guscio \u00e8 duro ma sottile e, grazie alla sua forma tondeggiante, la sgusciatura risulta rapida mantenendo intatto il frutto.[\/vc_column_text][\/vc_column][vc_column width=&#8221;1\/6&#8243;][\/vc_column][\/vc_row]<\/p>","protected":false},"excerpt":{"rendered":"[vc_row][vc_column width=&#8221;1\/6&#8243;][\/vc_column][vc_column width=&#8221;2\/3&#8243;][vc_empty_space height=&#8221;64px&#8221;][vc_column_text]L\u2019azienda agricola De Faveri Pietro nasce nel 1993 nella piccola frazione di Monte quando Pietro, spinto dall\u2019amore per l\u2019agricoltura, inizia ad avvicinarsi al settore corilicolo, acquistando il suo primo terreno coltivato a nocciole proprio dietro casa.Negli anni successivi e con l\u2019aiuto di sua moglie Rosaria, Pietro decide di immergersi totalmente nel mondo della nocciola, ampliando la coltivazione della Tonda Gentile del Piemonte e tramandando la passione ai figli Marco e Roberta.Da qui, unendo tradizione e innovazione, nascono i prodotti DE FAVERI PIETRO. [\/vc_column_text][vc_single_image image=&#8221;93&#8243; img_size=&#8221;full&#8221;][vc_column_text]La Nocciola Tonda Gentile del Piemonte \u00e8 considerata la migliore variet\u00e0 di nocciola al mondo. \u00c8 riconosciuta, infatti, per le ottime caratteristiche organolettiche e per il suo basso contenuto di grassi, grazie al quale il processo di irrancidimento risulta essere molto lento, permettendo cos\u00ec un\u2019ottima conservazione. Il guscio \u00e8 duro ma sottile e, grazie alla sua forma tondeggiante, la sgusciatura risulta rapida mantenendo intatto il frutto.[\/vc_column_text][\/vc_column][vc_column width=&#8221;1\/6&#8243;][\/vc_column][\/vc_row]","protected":false},"author":1,"featured_media":0,"parent":0,"menu_order":0,"comment_status":"closed","ping_status":"closed","template":"","meta":{"footnotes":""},"class_list":["post-10","page","type-page","status-publish","hentry"],"_links":{"self":[{"href":"https:\/\/agridefaveri.com\/it\/wp-json\/wp\/v2\/pages\/10","targetHints":{"allow":["GET"]}}],"collection":[{"href":"https:\/\/agridefaveri.com\/it\/wp-json\/wp\/v2\/pages"}],"about":[{"href":"https:\/\/agridefaveri.com\/it\/wp-json\/wp\/v2\/types\/page"}],"author":[{"embeddable":true,"href":"https:\/\/agridefaveri.com\/it\/wp-json\/wp\/v2\/users\/1"}],"replies":[{"embeddable":true,"href":"https:\/\/agridefaveri.com\/it\/wp-json\/wp\/v2\/comments?post=10"}],"version-history":[{"count":18,"href":"https:\/\/agridefaveri.com\/it\/wp-json\/wp\/v2\/pages\/10\/revisions"}],"predecessor-version":[{"id":164,"href":"https:\/\/agridefaveri.com\/it\/wp-json\/wp\/v2\/pages\/10\/revisions\/164"}],"wp:attachment":[{"href":"https:\/\/agridefaveri.com\/it\/wp-json\/wp\/v2\/media?parent=10"}],"curies":[{"name":"wp","href":"https:\/\/api.w.org\/{rel}","templated":true}]}}